{"id":30,"date":"2012-12-07T11:05:23","date_gmt":"2012-12-07T10:05:23","guid":{"rendered":"http:\/\/dta.umh.es\/grupos-de-investigacion\/"},"modified":"2013-02-14T16:49:11","modified_gmt":"2013-02-14T15:49:11","slug":"grupos-de-investigacion","status":"publish","type":"page","link":"https:\/\/dta.umh.es\/ca\/areas\/produccion-animal\/grupos-de-investigacion\/","title":{"rendered":"Grups d\u00b4Investigaci\u00f3"},"content":{"rendered":"<p><strong>Grups d\u00b4Investigaci\u00f3 de l&#8217;\u00c0rea de Producci\u00f3 Animal<\/strong><\/p>\n<ul>\n<li><a href=\"http:\/\/umh.edu.es\/contenido\/Investigacion\/:uor_1054_71\/datos_ca.html\" target=\"_blank\"><strong>Gen\u00e8tica, benestar, qualitat i seguretat aliment\u00e0ria en producci\u00f3 animal<\/strong><\/a><\/li>\n<\/ul>\n<p><\/p>","protected":false},"excerpt":{"rendered":"<p>Grups d\u00b4Investigaci\u00f3 de l&#8217;\u00c0rea de Producci\u00f3 Animal<\/p>\n<p>Gen\u00e8tica, benestar, qualitat i seguretat aliment\u00e0ria en producci\u00f3 animal<\/p>\n","protected":false},"author":318,"featured_media":0,"parent":7,"menu_order":20,"comment_status":"closed","ping_status":"open","template":"","meta":{"_links_to":"","_links_to_target":""},"_links":{"self":[{"href":"https:\/\/dta.umh.es\/ca\/wp-json\/wp\/v2\/pages\/30"}],"collection":[{"href":"https:\/\/dta.umh.es\/ca\/wp-json\/wp\/v2\/pages"}],"about":[{"href":"https:\/\/dta.umh.es\/ca\/wp-json\/wp\/v2\/types\/page"}],"author":[{"embeddable":true,"href":"https:\/\/dta.umh.es\/ca\/wp-json\/wp\/v2\/users\/318"}],"replies":[{"embeddable":true,"href":"https:\/\/dta.umh.es\/ca\/wp-json\/wp\/v2\/comments?post=30"}],"version-history":[{"count":0,"href":"https:\/\/dta.umh.es\/ca\/wp-json\/wp\/v2\/pages\/30\/revisions"}],"up":[{"embeddable":true,"href":"https:\/\/dta.umh.es\/ca\/wp-json\/wp\/v2\/pages\/7"}],"wp:attachment":[{"href":"https:\/\/dta.umh.es\/ca\/wp-json\/wp\/v2\/media?parent=30"}],"curies":[{"name":"wp","href":"https:\/\/api.w.org\/{rel}","templated":true}]}}