{"id":47,"date":"2013-02-14T12:09:55","date_gmt":"2013-02-14T11:09:55","guid":{"rendered":"http:\/\/dta.umh.es\/areas\/produccion-animal\/grupos-de-investigacion\/presentacion\/"},"modified":"2013-02-14T16:55:37","modified_gmt":"2013-02-14T15:55:37","slug":"presentacion","status":"publish","type":"page","link":"https:\/\/dta.umh.es\/ca\/areas\/produccion-animal\/grupos-de-investigacion\/presentacion\/","title":{"rendered":"Presentaci\u00f3"},"content":{"rendered":"<p><strong>Grups d\u00b4Investigaci\u00f3 de l\u2019\u00c0rea de Producci\u00f3 Animal<\/strong><\/p>\n<ul>\n<li><a href=\"http:\/\/umh.edu.es\/contenido\/Investigacion\/:uor_1054_71\/datos_ca.html\" target=\"_blank\"><strong>Gen\u00e8tica, benestar, qualitat i seguretat aliment\u00e0ria en producci\u00f3 animal<\/strong><\/a><strong> <\/strong><\/li>\n<\/ul>\n<p><\/p>","protected":false},"excerpt":{"rendered":"<p>Grups d\u00b4Investigaci\u00f3 de l\u2019\u00c0rea de Producci\u00f3 Animal<\/p>\n<p>Gen\u00e8tica, benestar, qualitat i seguretat aliment\u00e0ria en producci\u00f3 animal <\/p>\n","protected":false},"author":318,"featured_media":0,"parent":30,"menu_order":10,"comment_status":"closed","ping_status":"open","template":"","meta":{"_links_to":"","_links_to_target":""},"_links":{"self":[{"href":"https:\/\/dta.umh.es\/ca\/wp-json\/wp\/v2\/pages\/47"}],"collection":[{"href":"https:\/\/dta.umh.es\/ca\/wp-json\/wp\/v2\/pages"}],"about":[{"href":"https:\/\/dta.umh.es\/ca\/wp-json\/wp\/v2\/types\/page"}],"author":[{"embeddable":true,"href":"https:\/\/dta.umh.es\/ca\/wp-json\/wp\/v2\/users\/318"}],"replies":[{"embeddable":true,"href":"https:\/\/dta.umh.es\/ca\/wp-json\/wp\/v2\/comments?post=47"}],"version-history":[{"count":0,"href":"https:\/\/dta.umh.es\/ca\/wp-json\/wp\/v2\/pages\/47\/revisions"}],"up":[{"embeddable":true,"href":"https:\/\/dta.umh.es\/ca\/wp-json\/wp\/v2\/pages\/30"}],"wp:attachment":[{"href":"https:\/\/dta.umh.es\/ca\/wp-json\/wp\/v2\/media?parent=47"}],"curies":[{"name":"wp","href":"https:\/\/api.w.org\/{rel}","templated":true}]}}