{"id":6,"date":"2012-12-05T11:06:46","date_gmt":"2012-12-05T10:06:46","guid":{"rendered":"http:\/\/dta.umh.es\/?page_id=6"},"modified":"2013-02-14T16:50:45","modified_gmt":"2013-02-14T15:50:45","slug":"areas","status":"publish","type":"page","link":"https:\/\/dta.umh.es\/ca\/areas\/","title":{"rendered":"\u00c0rees"},"content":{"rendered":"<p><\/p>\n<p style=\"text-align: justify\"><a href=\"https:\/\/dta.umh.es\/files\/2012\/12\/Tecno04.jpg\"><img loading=\"lazy\" class=\"alignleft size-full wp-image-27\" title=\"Tecno04\" src=\"https:\/\/dta.umh.es\/files\/2012\/12\/Tecno04.jpg\" alt=\"\" width=\"89\" height=\"115\" \/><\/a><span style=\"text-align: justify\">El nostre Departament est\u00e0 constitu\u00eft per dos \u00e0rees de coneixement: Tecnologia dels Aliments\u00a0i Producci\u00f3 Animal. Dintre de cada \u00e0rea trobareu els grups de recerca en funci\u00f3 del seu camp d\u2019especialitzaci\u00f3. L\u00b4equip hum\u00e0 del nostre Departament realitza doc\u00e8ncia,\u00a0investigaci\u00f3 aplicada\u00a0<\/span><span style=\"text-align: justify\">i transferencia de coneixement al sector productiu i a les industries agroalimentaries.<\/span><\/p>\n<p style=\"text-align: justify\">\u00a0<\/p>\n<p><\/p>","protected":false},"excerpt":{"rendered":"<p>El nostre Departament est\u00e0 constitu\u00eft per dos \u00e0rees de coneixement: Tecnologia dels Aliments\u00a0i Producci\u00f3 Animal. Dintre de cada \u00e0rea trobareu els grups de recerca en funci\u00f3 del seu camp d\u2019especialitzaci\u00f3. L\u00b4equip hum\u00e0 del nostre Departament realitza doc\u00e8ncia,\u00a0investigaci\u00f3 aplicada\u00a0i transferencia de coneixement al sector productiu i a les industries agroalimentaries.<br \/>\n\u00a0<\/p>\n","protected":false},"author":318,"featured_media":0,"parent":0,"menu_order":1,"comment_status":"closed","ping_status":"open","template":"","meta":{"_links_to":"","_links_to_target":""},"_links":{"self":[{"href":"https:\/\/dta.umh.es\/ca\/wp-json\/wp\/v2\/pages\/6"}],"collection":[{"href":"https:\/\/dta.umh.es\/ca\/wp-json\/wp\/v2\/pages"}],"about":[{"href":"https:\/\/dta.umh.es\/ca\/wp-json\/wp\/v2\/types\/page"}],"author":[{"embeddable":true,"href":"https:\/\/dta.umh.es\/ca\/wp-json\/wp\/v2\/users\/318"}],"replies":[{"embeddable":true,"href":"https:\/\/dta.umh.es\/ca\/wp-json\/wp\/v2\/comments?post=6"}],"version-history":[{"count":0,"href":"https:\/\/dta.umh.es\/ca\/wp-json\/wp\/v2\/pages\/6\/revisions"}],"wp:attachment":[{"href":"https:\/\/dta.umh.es\/ca\/wp-json\/wp\/v2\/media?parent=6"}],"curies":[{"name":"wp","href":"https:\/\/api.w.org\/{rel}","templated":true}]}}