{"id":63,"date":"2013-02-14T17:21:48","date_gmt":"2013-02-14T16:21:48","guid":{"rendered":"http:\/\/dta.umh.es\/?page_id=63"},"modified":"2013-02-14T17:23:40","modified_gmt":"2013-02-14T16:23:40","slug":"grupo-de-investigacion-genetica-bienestar-calidad-y-seguridad-alimentaria-en-produccion-animal","status":"publish","type":"page","link":"https:\/\/dta.umh.es\/ca\/areas\/produccion-animal\/grupos-de-investigacion\/grupo-de-investigacion-genetica-bienestar-calidad-y-seguridad-alimentaria-en-produccion-animal\/","title":{"rendered":"Grup d\u00b4Investigaci\u00f3: Gen\u00e8tica, benestar, qualitat i seguretat aliment\u00e0ria en producci\u00f3 animal"},"content":{"rendered":"<p><\/p>\n<p><strong>Grup d\u00b4Investigaci\u00f3:\u00a0<\/strong><\/p>\n<ul>\n<li><strong><a href=\"http:\/\/umh.edu.es\/contenido\/Investigacion\/:uor_1054_71\/datos_acc_ca.html\">Gen\u00e8tica, benestar, qualitat i seguretat aliment\u00e0ria en producci\u00f3 animal<\/a><\/strong>\u00a0<\/li>\n<li>Seu: <a href=\"http:\/\/umh.edu.es\/contenido\/Investigacion\/:uor_24\/datos_acc_ca.html\"><strong>Tecnologia Agroaliment\u00e0ria<\/strong><\/a><\/li>\n<li>Tel\u00e8fon: 96 674 9728<\/li>\n<li>E-mail: <a href=\"https:\/\/dta.umh.es\/ca\/areas\/tecnologia-de-alimentos\/grupos-de-investigacion\/grupo-de-investigacion-calidad-y-seguridad-alimentaria\/presentacion-2\/void(0);\"><strong>tecnoagr@umh.es<\/strong><\/a><\/li>\n<\/ul>\n<p><\/p>","protected":false},"excerpt":{"rendered":"<p>Grup d\u00b4Investigaci\u00f3:\u00a0<\/p>\n<p>Gen\u00e8tica, benestar, qualitat i seguretat aliment\u00e0ria en producci\u00f3 animal\u00a0<br \/>\nSeu: Tecnologia Agroaliment\u00e0ria<br \/>\nTel\u00e8fon: 96 674 9728<br \/>\nE-mail: tecnoagr@umh.es<\/p>\n","protected":false},"author":318,"featured_media":0,"parent":30,"menu_order":20,"comment_status":"closed","ping_status":"open","template":"","meta":{"_links_to":"","_links_to_target":""},"_links":{"self":[{"href":"https:\/\/dta.umh.es\/ca\/wp-json\/wp\/v2\/pages\/63"}],"collection":[{"href":"https:\/\/dta.umh.es\/ca\/wp-json\/wp\/v2\/pages"}],"about":[{"href":"https:\/\/dta.umh.es\/ca\/wp-json\/wp\/v2\/types\/page"}],"author":[{"embeddable":true,"href":"https:\/\/dta.umh.es\/ca\/wp-json\/wp\/v2\/users\/318"}],"replies":[{"embeddable":true,"href":"https:\/\/dta.umh.es\/ca\/wp-json\/wp\/v2\/comments?post=63"}],"version-history":[{"count":0,"href":"https:\/\/dta.umh.es\/ca\/wp-json\/wp\/v2\/pages\/63\/revisions"}],"up":[{"embeddable":true,"href":"https:\/\/dta.umh.es\/ca\/wp-json\/wp\/v2\/pages\/30"}],"wp:attachment":[{"href":"https:\/\/dta.umh.es\/ca\/wp-json\/wp\/v2\/media?parent=63"}],"curies":[{"name":"wp","href":"https:\/\/api.w.org\/{rel}","templated":true}]}}