{"id":7,"date":"2012-12-05T11:15:21","date_gmt":"2012-12-05T10:15:21","guid":{"rendered":"http:\/\/dta.umh.es\/?page_id=7"},"modified":"2013-03-14T12:32:06","modified_gmt":"2013-03-14T11:32:06","slug":"produccion-animal","status":"publish","type":"page","link":"https:\/\/dta.umh.es\/ca\/areas\/produccion-animal\/","title":{"rendered":"Producci\u00f3 Animal"},"content":{"rendered":"<p><\/p>\n<p><p style=\"text-align: justify\"><a href=\"https:\/\/dta.umh.es\/files\/2012\/12\/granja.jpg\"><img loading=\"lazy\" class=\"alignleft\" title=\"granja\" src=\"https:\/\/dta.umh.es\/files\/2012\/12\/granja.jpg\" alt=\"\" width=\"200\" height=\"126\" \/><\/a>L\u2019\u00e0rea de Producci\u00f3 Animal imparteix la seua doc\u00e8ncia en les titulacions de <a href=\"http:\/\/umh.edu.es\/contenido\/Estudios\/:tit_g_128\/datos_ca.html\">Grau en Ci\u00e8ncia i Tecnologia dels Aliments<\/a>,\u00a0<a href=\"http:\/\/umh.edu.es\/contenido\/Estudios\/:tit_g_126\/datos_ca.html\">Grau en Enginyeria Agroaliment\u00e0ria i Agroambiental<\/a>,\u00a0i\u00a0d\u00b4<a href=\"http:\/\/umh.edu.es\/contenido\/Estudios\/:tit_c_11\/datos_ca.html\">Enginyer Agr\u00f2nom (2n cicle) (P98)<\/a>, a m\u00e9s de doc\u00e8ncia en\u00a0el\u00a0<a href=\"http:\/\/umh.edu.es\/contenido\/Estudios\/:tit_m_102\/datos_ca.html\">M\u00e0ster Universitari en Agroecologia, Desenvolupament Rural\u00a0i Agroturisme<\/a>,\u00a0el <a href=\"http:\/\/umh.edu.es\/contenido\/Estudios\/:tit_m_107\/datos_ca.html\">M\u00e0ster Universitari en Investigaci\u00f3 en Ci\u00e8ncia, Tecnologia\u00a0i Control dels Aliments<\/a>,\u00a0 el\u00a0<a href=\"http:\/\/umh.edu.es\/contenido\/Estudios\/:tit_m_187\/datos_ca.html\">M\u00e0ster Universitari en Gesti\u00f3\u00a0i Disseny de Projectes\u00a0i Instal.lacions<\/a> i en el\u00a0<a href=\"http:\/\/umh.edu.es\/contenido\/Estudios\/:tit_d_123\/datos_ca.html\">Doctorat en Recursos\u00a0i Tecnologies Agroaliment\u00e0ries<\/a>. El personal de la nostra \u00e0rea est\u00e0 organitzat en diversos <a href=\"https:\/\/dta.umh.es\/ca\/areas\/produccion-animal\/grupos-de-investigacion\/\">grups d\u00b4investigaci\u00f3<\/a>\u00a0sobre els quals podeu trobar informaci\u00f3 en aquest blog i que ofereixen serveis a la comunitat universit\u00e0ria, a l\u2019empresa i al sector primari, com s\u00f3n la realitzaci\u00f3 de cursos de formaci\u00f3, estudis socioecon\u00f2mics del sector ramader, assessorament en maneig i gesti\u00f3 de ramaderies i Programes de Millora de Qualitat de productes ramaders, entre uns altres. Per a poder realitzar les activitats de recerca i doc\u00e8ncia comptem amb laboratoris docents, laboratoris de recerca i unes granges docents amb 2 edificis: un de conills i un altre de xicotets remugants (cabres i ovelles).<\/p>\n<p style=\"text-align: justify\"><a href=\"https:\/\/dta.umh.es\/ca\/areas\/produccion-animal\/grupos-de-investigacion\/\">Grups d\u00b4Investigaci\u00f3<\/a><\/p>\n<p style=\"text-align: justify\">Galeria Fotogr\u00e0fica<\/p>\n<\/p>\n<p><\/p>","protected":false},"excerpt":{"rendered":"<p>L\u2019\u00e0rea de Producci\u00f3 Animal imparteix la seua doc\u00e8ncia en les titulacions de Grau en Ci\u00e8ncia i Tecnologia dels Aliments,\u00a0Grau en Enginyeria Agroaliment\u00e0ria i Agroambiental,\u00a0i\u00a0d\u00b4Enginyer Agr\u00f2nom (2n cicle) (P98), a m\u00e9s de doc\u00e8ncia en\u00a0el\u00a0M\u00e0ster Universitari en Agroecologia, Desenvolupament Rural\u00a0i Agroturisme,\u00a0el M\u00e0ster Universitari en Investigaci\u00f3 en Ci\u00e8ncia, Tecnologia\u00a0i Control dels Aliments,\u00a0 el\u00a0M\u00e0ster Universitari en Gesti\u00f3\u00a0i Disseny de [&#8230;]<\/p>\n","protected":false},"author":318,"featured_media":0,"parent":6,"menu_order":20,"comment_status":"closed","ping_status":"open","template":"","meta":{"_links_to":"","_links_to_target":""},"_links":{"self":[{"href":"https:\/\/dta.umh.es\/ca\/wp-json\/wp\/v2\/pages\/7"}],"collection":[{"href":"https:\/\/dta.umh.es\/ca\/wp-json\/wp\/v2\/pages"}],"about":[{"href":"https:\/\/dta.umh.es\/ca\/wp-json\/wp\/v2\/types\/page"}],"author":[{"embeddable":true,"href":"https:\/\/dta.umh.es\/ca\/wp-json\/wp\/v2\/users\/318"}],"replies":[{"embeddable":true,"href":"https:\/\/dta.umh.es\/ca\/wp-json\/wp\/v2\/comments?post=7"}],"version-history":[{"count":0,"href":"https:\/\/dta.umh.es\/ca\/wp-json\/wp\/v2\/pages\/7\/revisions"}],"up":[{"embeddable":true,"href":"https:\/\/dta.umh.es\/ca\/wp-json\/wp\/v2\/pages\/6"}],"wp:attachment":[{"href":"https:\/\/dta.umh.es\/ca\/wp-json\/wp\/v2\/media?parent=7"}],"curies":[{"name":"wp","href":"https:\/\/api.w.org\/{rel}","templated":true}]}}