{"id":8,"date":"2012-12-05T11:20:42","date_gmt":"2012-12-05T10:20:42","guid":{"rendered":"http:\/\/dta.umh.es\/?page_id=8"},"modified":"2013-02-15T12:24:52","modified_gmt":"2013-02-15T11:24:52","slug":"tecnologia-de-alimentos","status":"publish","type":"page","link":"https:\/\/dta.umh.es\/ca\/areas\/tecnologia-de-alimentos\/","title":{"rendered":"Tecnologia d\u00b4Aliments"},"content":{"rendered":"<p><\/p>\n<p><p style=\"text-align: justify\"><a href=\"https:\/\/dta.umh.es\/files\/2012\/12\/naveapoyo1.jpg\"><\/a><a href=\"https:\/\/dta.umh.es\/files\/2012\/12\/102_0221.jpg\"><img loading=\"lazy\" class=\"alignleft size-medium wp-image-66\" title=\"102_0221\" src=\"https:\/\/dta.umh.es\/files\/2012\/12\/102_0221-300x225.jpg\" alt=\"\" width=\"300\" height=\"225\" srcset=\"https:\/\/dta.umh.es\/files\/2012\/12\/102_0221-300x225.jpg 300w, https:\/\/dta.umh.es\/files\/2012\/12\/102_0221-1024x769.jpg 1024w\" sizes=\"(max-width: 300px) 100vw, 300px\" \/><\/a>L&#8217;\u00e0rea de Tecnologia d&#8217;Aliments t\u00e9 doc\u00e8ncia en les titulacions de\u00a0<a href=\"http:\/\/umh.edu.es\/contenido\/Estudios\/:tit_g_128\/datos_ca.html\">Grau en Ci\u00e8ncia i Tecnologia dels Aliments<\/a>,\u00a0<a href=\"http:\/\/umh.edu.es\/contenido\/Estudios\/:tit_g_126\/datos_ca.html\">Grau en Enginyeria Agroaliment\u00e0ria i Agroambiental<\/a>,\u00a0<a href=\"http:\/\/umh.edu.es\/contenido\/Estudios\/:tit_g_135\/datos_ca.html\">Grau en Biotecnologia<\/a>\u00a0i\u00a0d\u00b4\u00a0<a href=\"http:\/\/umh.edu.es\/contenido\/Estudios\/:tit_c_11\/datos_ca.html\">Enginyer Agr\u00f2nom (2n cicle) (P98)<\/a>, a m\u00e9s de doc\u00e8ncia en\u00a0el\u00a0<a href=\"http:\/\/umh.edu.es\/contenido\/Estudios\/:tit_m_102\/datos_ca.html\">M\u00e0ster Universitari en Agroecologia, Desenvolupament Rural\u00a0i Agroturisme<\/a>,\u00a0el <a href=\"http:\/\/umh.edu.es\/contenido\/Estudios\/:tit_m_107\/datos_ca.html\">M\u00e0ster Universitari en Investigaci\u00f3 en Ci\u00e8ncia, Tecnologia\u00a0i Control dels Aliments<\/a>,\u00a0 el\u00a0<a href=\"http:\/\/umh.edu.es\/contenido\/Estudios\/:tit_m_187\/datos_ca.html\">M\u00e0ster Universitari en Gesti\u00f3\u00a0i Disseny de Projectes\u00a0i Instal.lacions<\/a>, el\u00a0<a href=\"http:\/\/umh.edu.es\/contenido\/Estudios\/:tit_m_189\/datos_ca.html\">M\u00e0ster Universitari en T\u00e8cniques Avan\u00e7ades per a\u00a0la Investigaci\u00f3\u00a0i Producci\u00f3 en Fruticultura<\/a>\u00a0i en el\u00a0<a href=\"http:\/\/umh.edu.es\/contenido\/Estudios\/:tit_d_123\/datos_ca.html\">Doctorat en Recursos\u00a0i Tecnologies Agroaliment\u00e0ries<\/a>. El personal de la nostra \u00e0rea est\u00e0 organitzat en diversos<a href=\"https:\/\/dta.umh.es\/ca\/areas\/tecnologia-de-alimentos\/grupos-de-investigacion\/\"> grups d\u00b4investigaci\u00f3 <\/a>sobre els quals podeu trobar informaci\u00f3 en aquest blog i que ofereixen serveis a la comunitat universit\u00e0ria i a l&#8217;empresa com s\u00f3n la realitzaci\u00f3 de cursos de formaci\u00f3, desenvolupament de nous aliments i estudis de conservaci\u00f3 entre uns altres. Per a poder realitzar les activitats\u00a0d\u00b4investigaci\u00f3 i doc\u00e8ncia comptem amb laboratoris docents, laboratoris d\u00b4investigaci\u00f3 i una nau de suport amb equips de planta pilot amb seccions equipades per a estudis post-collita, enologia i industrialitzaci\u00f3 d&#8217;aliments d&#8217;origen animal. Les nostres instal\u00b7lacions estan dotades amb moderns equips per a l&#8217;an\u00e0lisi d&#8217;aliments, aix\u00ed com per a la seua elaboraci\u00f3 i processament. Som laboratori autoritzat per la Generalitat Valenciana per a l&#8217;an\u00e0lisi f\u00edsica-qu\u00edmic d&#8217;aliments i aig\u00fces.<\/p>\n<p style=\"text-align: justify\">Us convidem a seguir explorant el nostre blog per a con\u00e8ixer-nos millor.<\/p>\n<p><a href=\"https:\/\/dta.umh.es\/ca\/areas\/tecnologia-de-alimentos\/grupos-de-investigacion\/\">Grups d\u00b4Investigaci\u00f3<\/a><\/p>\n<p>Galeria Fotogr\u00e0fica<\/p>\n<p><\/p>","protected":false},"excerpt":{"rendered":"<p>L&#8217;\u00e0rea de Tecnologia d&#8217;Aliments t\u00e9 doc\u00e8ncia en les titulacions de\u00a0Grau en Ci\u00e8ncia i Tecnologia dels Aliments,\u00a0Grau en Enginyeria Agroaliment\u00e0ria i Agroambiental,\u00a0Grau en Biotecnologia\u00a0i\u00a0d\u00b4\u00a0Enginyer Agr\u00f2nom (2n cicle) (P98), a m\u00e9s de doc\u00e8ncia en\u00a0el\u00a0M\u00e0ster Universitari en Agroecologia, Desenvolupament Rural\u00a0i Agroturisme,\u00a0el M\u00e0ster Universitari en Investigaci\u00f3 en Ci\u00e8ncia, Tecnologia\u00a0i Control dels Aliments,\u00a0 el\u00a0M\u00e0ster Universitari en Gesti\u00f3\u00a0i Disseny de Projectes\u00a0i [&#8230;]<\/p>\n","protected":false},"author":318,"featured_media":0,"parent":6,"menu_order":10,"comment_status":"closed","ping_status":"open","template":"","meta":{"_links_to":"","_links_to_target":""},"_links":{"self":[{"href":"https:\/\/dta.umh.es\/ca\/wp-json\/wp\/v2\/pages\/8"}],"collection":[{"href":"https:\/\/dta.umh.es\/ca\/wp-json\/wp\/v2\/pages"}],"about":[{"href":"https:\/\/dta.umh.es\/ca\/wp-json\/wp\/v2\/types\/page"}],"author":[{"embeddable":true,"href":"https:\/\/dta.umh.es\/ca\/wp-json\/wp\/v2\/users\/318"}],"replies":[{"embeddable":true,"href":"https:\/\/dta.umh.es\/ca\/wp-json\/wp\/v2\/comments?post=8"}],"version-history":[{"count":0,"href":"https:\/\/dta.umh.es\/ca\/wp-json\/wp\/v2\/pages\/8\/revisions"}],"up":[{"embeddable":true,"href":"https:\/\/dta.umh.es\/ca\/wp-json\/wp\/v2\/pages\/6"}],"wp:attachment":[{"href":"https:\/\/dta.umh.es\/ca\/wp-json\/wp\/v2\/media?parent=8"}],"curies":[{"name":"wp","href":"https:\/\/api.w.org\/{rel}","templated":true}]}}